{"id":22632,"date":"2025-09-29T14:12:21","date_gmt":"2025-09-29T19:12:21","guid":{"rendered":"https:\/\/staging.grafik.mentalhealthfirstaid.org\/?page_id=22632"},"modified":"2025-10-28T13:53:13","modified_gmt":"2025-10-28T18:53:13","slug":"types-of-training","status":"publish","type":"page","link":"https:\/\/staging.grafik.mentalhealthfirstaid.org\/es\/individuals\/types-of-training\/","title":{"rendered":"Tipos de formaci\u00f3n"},"content":{"rendered":"<div class=\"gb-element-281bbc8a\">\n<div class=\"mhfa-container-wdith gb-element-9a4f1e48\">\n<div class=\"gb-element-ba41fdcf\">\n<h2 class=\"gb-text mhfa-h1-heading gb-text-279cd9c2 animated fadeInUp\">Types of MHFA Training<\/h2>\n\n\n\n<h2 class=\"gb-text mhfa-paragraph-style gb-text-d98b1a91 animated fadeInUp delay-200ms\">MHFA comes in many forms \u2014 just like the people you know. Choose the training that&#8217;s tailored to who you want to help.&nbsp;&nbsp;<\/h2>\n<\/div>\n\n\n\n<div class=\"gb-element-fe43194e\">\n<img loading=\"lazy\" decoding=\"async\" width=\"1080\" height=\"700\" class=\"gb-media-cd5f2f9f\" alt=\"two women smiling at each other\" src=\"https:\/\/staging.grafik.mentalhealthfirstaid.org\/app\/uploads\/2025\/10\/Types-of-Trainings_Hero.webp\" title=\"Types of Trainings_Hero\" srcset=\"https:\/\/staging.grafik.mentalhealthfirstaid.org\/app\/uploads\/2025\/10\/Types-of-Trainings_Hero.webp 1080w, https:\/\/staging.grafik.mentalhealthfirstaid.org\/app\/uploads\/2025\/10\/Types-of-Trainings_Hero-300x194.webp 300w, https:\/\/staging.grafik.mentalhealthfirstaid.org\/app\/uploads\/2025\/10\/Types-of-Trainings_Hero-1024x664.webp 1024w, https:\/\/staging.grafik.mentalhealthfirstaid.org\/app\/uploads\/2025\/10\/Types-of-Trainings_Hero-768x498.webp 768w, https:\/\/staging.grafik.mentalhealthfirstaid.org\/app\/uploads\/2025\/10\/Types-of-Trainings_Hero-18x12.webp 18w\" sizes=\"auto, (max-width: 1080px) 100vw, 1080px\" \/>\n<\/div>\n<\/div>\n<\/div>\n\n\n\n<div class=\"gb-element-b77a7426\">\n<div class=\"mhfa-container-wdith gb-element-8aac8b2c\">\n<div class=\"gb-element-9b4b7c94\">\n<h2 class=\"gb-text mhfa-h2-heading gb-text-56c5cfda\">Our Offerings<\/h2>\n\n\n\n<p class=\"gb-text mhfa-paragraph-style gb-text-7f41b71a\">Get trained to handle real-life situations when they happen to the people you interact with the most.&nbsp;<\/p>\n<\/div>\n\n\n\n<div class=\"gb-element-cb9798fe\">\n<div class=\"gb-element-ddf30c84\">\n<h3 class=\"gb-text mhfa-h3-heading gb-text-339045c8\">Ayudar a los adultos<\/h3>\n\n\n\n<p class=\"gb-text mhfa-paragraph-style gb-text-1c7712b9\">Learn how to help adults in your community. We offer tailored courses for Spanish speakers and different fields like higher education and public safety.<\/p>\n\n\n\n<a class=\"mhfa-orange-btn\" href=\"\/es\/individuals\/help-adults\/\"><span class=\"gb-text\">M\u00e1s informaci\u00f3n<\/span><span class=\"gb-shape\"><svg aria-hidden=\"true\" role=\"img\" height=\"1em\" width=\"1em\" viewbox=\"0 0 256 512\" xmlns=\"http:\/\/www.w3.org\/2000\/svg\"><path fill=\"currentColor\" d=\"M224.3 273l-136 136c-9.4 9.4-24.6 9.4-33.9 0l-22.6-22.6c-9.4-9.4-9.4-24.6 0-33.9l96.4-96.4-96.4-96.4c-9.4-9.4-9.4-24.6 0-33.9L54.3 103c9.4-9.4 24.6-9.4 33.9 0l136 136c9.5 9.4 9.5 24.6.1 34z\"><\/path><\/svg><\/span><\/a>\n<\/div>\n\n\n\n<div class=\"gb-element-5259fcba\">\n<h3 class=\"gb-text mhfa-h3-heading gb-text-5dd5e05e\">Ayudar a los j\u00f3venes<\/h3>\n\n\n\n<p class=\"gb-text mhfa-paragraph-style gb-text-e817d05b\">Learn how to help youth aged 12-18. We have custom courses for Spanish speakers and Tribal and Indigenous communities.<\/p>\n\n\n\n<a class=\"mhfa-blue-btn\" href=\"\/es\/individuals\/help-youth\/\"><span class=\"gb-text\">M\u00e1s informaci\u00f3n<\/span><span class=\"gb-shape\"><svg aria-hidden=\"true\" role=\"img\" height=\"1em\" width=\"1em\" viewbox=\"0 0 256 512\" xmlns=\"http:\/\/www.w3.org\/2000\/svg\"><path fill=\"currentColor\" d=\"M224.3 273l-136 136c-9.4 9.4-24.6 9.4-33.9 0l-22.6-22.6c-9.4-9.4-9.4-24.6 0-33.9l96.4-96.4-96.4-96.4c-9.4-9.4-9.4-24.6 0-33.9L54.3 103c9.4-9.4 24.6-9.4 33.9 0l136 136c9.5 9.4 9.5 24.6.1 34z\"><\/path><\/svg><\/span><\/a>\n<\/div>\n<\/div>\n<\/div>\n<\/div>\n\n\n\n<div class=\"gb-element-f2689761\">\n<div class=\"mhfa-container-wdith gb-element-8f60fafa\">\n<div class=\"gb-element-2d61268a\">\n<h2 class=\"gb-text mhfa-h2-heading gb-text-9e99efe0\">Learn MHFA Your Way<\/h2>\n\n\n\n<p class=\"gb-text mhfa-paragraph-style gb-text-2e1d12d2\">MHFA\u2019s curriculum keeps you engaged throughout the 7.5-hour training with group discussions, exercises, videos and roleplay. Work with your own learning style by choosing the right setting for you.<\/p>\n\n\n\n<a class=\"mhfa-orange-btn gb-text-c391076c\" href=\"\/es\/individuals\/types-of-training\/\"><span class=\"gb-text\">Learn more<\/span><span class=\"gb-shape\"><svg aria-hidden=\"true\" role=\"img\" height=\"1em\" width=\"1em\" viewbox=\"0 0 256 512\" xmlns=\"http:\/\/www.w3.org\/2000\/svg\"><path fill=\"currentColor\" d=\"M224.3 273l-136 136c-9.4 9.4-24.6 9.4-33.9 0l-22.6-22.6c-9.4-9.4-9.4-24.6 0-33.9l96.4-96.4-96.4-96.4c-9.4-9.4-9.4-24.6 0-33.9L54.3 103c9.4-9.4 24.6-9.4 33.9 0l136 136c9.5 9.4 9.5 24.6.1 34z\"><\/path><\/svg><\/span><\/a>\n<\/div>\n\n\n\n<div class=\"gb-element-640d8f76\">\n<div class=\"gb-element-75c1eca8\">\n<div class=\"gb-element-b451c7e9\">\n<img loading=\"lazy\" decoding=\"async\" width=\"100\" height=\"117\" class=\"gb-media-b90697d5\" alt=\"outline of a person at a desk\" src=\"https:\/\/staging.grafik.mentalhealthfirstaid.org\/app\/uploads\/2025\/10\/in-person_100.png\" title=\"in person_100\" srcset=\"https:\/\/staging.grafik.mentalhealthfirstaid.org\/app\/uploads\/2025\/10\/in-person_100.png 100w, https:\/\/staging.grafik.mentalhealthfirstaid.org\/app\/uploads\/2025\/10\/in-person_100-10x12.png 10w\" sizes=\"auto, (max-width: 100px) 100vw, 100px\" \/>\n<\/div>\n\n\n\n<h3 class=\"gb-text mhfa-benefit-card-title gb-text-7a8bab69\">In Person<\/h3>\n\n\n\n<p class=\"gb-text mhfa-benefit-card-excerpt gb-text-1a932280\">Instructors teach in a classroom setting with digital or printed course materials.<\/p>\n<\/div>\n\n\n\n<div class=\"gb-element-2382c125\">\n<div class=\"gb-element-b42ffff9\">\n<img loading=\"lazy\" decoding=\"async\" width=\"136\" height=\"100\" class=\"gb-media-95fb5cfd\" alt=\"outline of a computer screen with a play button\" src=\"https:\/\/staging.grafik.mentalhealthfirstaid.org\/app\/uploads\/2025\/10\/online_100.png\" title=\"online_100\" srcset=\"https:\/\/staging.grafik.mentalhealthfirstaid.org\/app\/uploads\/2025\/10\/online_100.png 136w, https:\/\/staging.grafik.mentalhealthfirstaid.org\/app\/uploads\/2025\/10\/online_100-16x12.png 16w\" sizes=\"auto, (max-width: 136px) 100vw, 136px\" \/>\n<\/div>\n\n\n\n<h3 class=\"gb-text mhfa-benefit-card-title gb-text-23b1aa5b\">Online<\/h3>\n\n\n\n<p class=\"gb-text mhfa-benefit-card-excerpt gb-text-6b29291a\">Instructors teach via video conference and use digital course materials.<\/p>\n<\/div>\n\n\n\n<div class=\"gb-element-e37309bb\">\n<div class=\"gb-element-f39ce8f5\">\n<img loading=\"lazy\" decoding=\"async\" width=\"120\" height=\"100\" class=\"gb-media-defc3607\" alt=\"outline of a person on a screen\" src=\"https:\/\/staging.grafik.mentalhealthfirstaid.org\/app\/uploads\/2025\/10\/online-training_120.png\" title=\"online training_120\" srcset=\"https:\/\/staging.grafik.mentalhealthfirstaid.org\/app\/uploads\/2025\/10\/online-training_120.png 120w, https:\/\/staging.grafik.mentalhealthfirstaid.org\/app\/uploads\/2025\/10\/online-training_120-14x12.png 14w\" sizes=\"auto, (max-width: 120px) 100vw, 120px\" \/>\n<\/div>\n\n\n\n<h3 class=\"gb-text mhfa-benefit-card-title gb-text-313513f3\">Blended Online<\/h3>\n\n\n\n<p class=\"gb-text mhfa-benefit-card-excerpt gb-text-eebcd14c\">Start with a 2-hour self-paced course, then wrap up with a 5.5-hour, Instructor-led online training with digital course materials.<\/p>\n\n\n\n<div style=\"height:20px\" aria-hidden=\"true\" class=\"wp-block-spacer\"><\/div>\n<\/div>\n<\/div>\n<\/div>\n<\/div>\n\n\n\n<div class=\"gb-element-991a98a0\">\n<div class=\"mhfa-container-wdith gb-element-6bfa766e\">\n<div class=\"gb-element-c5ec242d\">\n<h3 class=\"gb-text mhfa-h3-heading\">Buscar una formaci\u00f3n<\/h3>\n\n\n\n<p class=\"gb-text mhfa-paragraph-style\">Para encontrar una formaci\u00f3n o un instructor cerca de usted, introduzca su ubicaci\u00f3n a continuaci\u00f3n.<\/p>\n<\/div>\n\n\n\n<div class=\"gb-element-4edf1fb2\">\n<div class=\"find-course-form\" data-instance=\"mhfa_1\">\n    <form id=\"frm_mhfa_1\" class=\"mhfa-search-form form-elements filter-form clearfix\" action=\"\/es\/individuals\/take-mhfa\/find-a-course-or-instructor\/\" method=\"POST\" data-trp-original-action=\"\/individuals\/take-mhfa\/find-a-course-or-instructor\/\">\n        \n        <!-- Hidden fields for geocoding -->\n        <input type=\"hidden\" id=\"formatted_address_mhfa_1\" name=\"formatted_address\"\/>\n        <input type=\"hidden\" id=\"city_mhfa_1\" name=\"city\"\/>\n        <input type=\"hidden\" id=\"Lat_mhfa_1\" name=\"Lat\"\/>\n        <input type=\"hidden\" id=\"Lng_mhfa_1\" name=\"Lng\"\/>\n        \n        <div class=\"custom-row\">\n            <!-- Location Input Column -->\n            <div class=\"custom-col-7 custom-inner-8\">\n                <label for=\"location_mhfa_1\">\n                    Buscar por ubicaci\u00f3n<span>*<\/span>\n                <\/label>\n                <input id=\"location_mhfa_1\" \n                       class=\"mhfa-location-input\"\n                       placeholder=\"Introduzca su ciudad y estado (por ejemplo, Arlington, Texas)\" \n                       autocomplete=\"off\" \n                       type=\"text\"\n                       data-instance=\"mhfa_1\">\n            <\/div>\n            \n            <!-- Distance and Submit Column -->\n            <div class=\"custom-col-5 custom-inner-4\">\n                <div class=\"custom-row\">\n                    <div class=\"custom-col-6\">\n                        <label for=\"distance_mhfa_1\">Distancia<\/label>\n                        <select id=\"distance_mhfa_1\" name=\"distance\">\n                            <option value=\"25\"  selected='selected'>25 Millas<\/option>\n                            <option value=\"50\" >50 Millas<\/option>\n                            <option value=\"100\" >160 km<\/option>\n                            <option value=\"300\" >300 millas<\/option>\n                        <\/select>\n                    <\/div>\n                    <div class=\"custom-col-6 custom-inner-hide\">\n                        <button class=\"btn-course\" type=\"submit\">Buscar cursos<\/button>\n                    <\/div>\n                <\/div>\n            <\/div>\n            \n            <!-- Mobile Submit Button -->\n            <div class=\"custom-col-12 custom-front-hide\">\n                <button class=\"btn-course\" type=\"submit\">Buscar cursos<\/button>\n            <\/div>\n        <\/div>\n    <input type=\"hidden\" name=\"trp-form-language\" value=\"es\"\/><\/form>\n<\/div>\n<\/div>\n<\/div>\n<\/div>\n\n\n\n<div class=\"gb-element-c05ae0a8\">\n<div class=\"gb-element-1d178a65\">\n<div class=\"mhfa-container-wdith gb-element-349c1744\">\n<div class=\"mhfa-bottom-cta-inner gb-element-36d2ac2b\">\n<div class=\"gb-element-cb4ca6e2\">\n<h3 class=\"gb-text mhfa-h3-heading gb-text-2cc18df9\">Looking to Train a Group?<\/h3>\n\n\n\n<h3 class=\"gb-text mhfa-paragraph-style gb-text-e4545f85\">Explore our options to find the right fit for your team of 6 or more. For smaller groups, find an upcoming training near you.&nbsp;<\/h3>\n<\/div>\n\n\n\n<a class=\"mhfa-orange-btn btn-no-wrap\" href=\"\/es\/train-a-team\/\"><span class=\"gb-text\">Forme a su grupo<\/span><span class=\"gb-shape\"><svg aria-hidden=\"true\" role=\"img\" height=\"1em\" width=\"1em\" viewbox=\"0 0 256 512\" xmlns=\"http:\/\/www.w3.org\/2000\/svg\"><path fill=\"currentColor\" d=\"M224.3 273l-136 136c-9.4 9.4-24.6 9.4-33.9 0l-22.6-22.6c-9.4-9.4-9.4-24.6 0-33.9l96.4-96.4-96.4-96.4c-9.4-9.4-9.4-24.6 0-33.9L54.3 103c9.4-9.4 24.6-9.4 33.9 0l136 136c9.5 9.4 9.5 24.6.1 34z\"><\/path><\/svg><\/span><\/a>\n<\/div>\n<\/div>\n<\/div>\n<\/div>\n\n\n\n<div class=\"gb-element-b688d94e\"><p><br \/>\n<br \/>\n<br \/>\n<\/p>\n\n\n\n<div id=\"videoModal\" class=\"modal\">\n  <div class=\"modal-inner\">\n    <span class=\"close\">\u00d7<\/span>\n    <iframe id=\"modalVideo\" width=\"100%\" height=\"400\" allowfullscreen><\/iframe>\n    <h2 class=\"modal-heading\"><\/h2>\n    <p class=\"modal-desc\"><\/p>\n  <\/div>\n<\/div>\n<\/div>\n\n\n\n<p><\/p>","protected":false},"excerpt":{"rendered":"<p>Types of MHFA Training MHFA comes in many forms \u2014 just like the people you know. Choose the training that&#8217;s tailored to who you want to help.&nbsp;&nbsp; Our Offerings Get &#8230; <a title=\"Tipos de formaci\u00f3n\" class=\"read-more\" href=\"https:\/\/staging.grafik.mentalhealthfirstaid.org\/es\/individuals\/types-of-training\/\" aria-label=\"Read more about Types of Training\">Read more<\/a><\/p>","protected":false},"author":37,"featured_media":0,"parent":5187,"menu_order":0,"comment_status":"closed","ping_status":"closed","template":"","meta":{"_acf_changed":false,"give_campaign_id":0,"footnotes":""},"tags":[],"topic":[],"class_list":["post-22632","page","type-page","status-publish"],"acf":[],"yoast_head":"<!-- This site is optimized with the Yoast SEO Premium plugin v26.0 (Yoast SEO v27.0) - https:\/\/yoast.com\/product\/yoast-seo-premium-wordpress\/ -->\n<title>MHFA | Types of Mental Health First Aid Training<\/title>\n<meta name=\"description\" content=\"Learn about the types of MHFA training, including versions for helping adults, youth aged 12-18, higher education, first responders and more.\" \/>\n<meta name=\"robots\" content=\"index, follow, max-snippet:-1, max-image-preview:large, max-video-preview:-1\" \/>\n<link rel=\"canonical\" href=\"https:\/\/staging.grafik.mentalhealthfirstaid.org\/es\/individuals\/types-of-training\/\" \/>\n<meta property=\"og:locale\" content=\"es_MX\" \/>\n<meta property=\"og:type\" content=\"article\" \/>\n<meta property=\"og:title\" content=\"Types of Training\" \/>\n<meta property=\"og:description\" content=\"Learn about the types of MHFA training, including versions for helping adults, youth aged 12-18, higher education, first responders and more.\" \/>\n<meta property=\"og:url\" content=\"https:\/\/staging.grafik.mentalhealthfirstaid.org\/es\/individuals\/types-of-training\/\" \/>\n<meta property=\"og:site_name\" content=\"Mental Health First Aid\" \/>\n<meta property=\"article:modified_time\" content=\"2025-10-28T18:53:13+00:00\" \/>\n<meta property=\"og:image\" content=\"https:\/\/staging.grafik.mentalhealthfirstaid.org\/app\/uploads\/2025\/10\/Types-of-Trainings_Hero.webp\" \/>\n<meta name=\"twitter:card\" content=\"summary_large_image\" \/>\n<meta name=\"twitter:label1\" content=\"Est. reading time\" \/>\n\t<meta name=\"twitter:data1\" content=\"2 minutes\" \/>\n<script type=\"application\/ld+json\" class=\"yoast-schema-graph\">{\"@context\":\"https:\/\/schema.org\",\"@graph\":[{\"@type\":\"WebPage\",\"@id\":\"https:\/\/staging.grafik.mentalhealthfirstaid.org\/individuals\/types-of-training\/\",\"url\":\"https:\/\/staging.grafik.mentalhealthfirstaid.org\/individuals\/types-of-training\/\",\"name\":\"MHFA | Types of Mental Health First Aid Training\",\"isPartOf\":{\"@id\":\"https:\/\/staging.grafik.mentalhealthfirstaid.org\/#website\"},\"primaryImageOfPage\":{\"@id\":\"https:\/\/staging.grafik.mentalhealthfirstaid.org\/individuals\/types-of-training\/#primaryimage\"},\"image\":{\"@id\":\"https:\/\/staging.grafik.mentalhealthfirstaid.org\/individuals\/types-of-training\/#primaryimage\"},\"thumbnailUrl\":\"https:\/\/staging.grafik.mentalhealthfirstaid.org\/app\/uploads\/2025\/10\/Types-of-Trainings_Hero.webp\",\"datePublished\":\"2025-09-29T19:12:21+00:00\",\"dateModified\":\"2025-10-28T18:53:13+00:00\",\"description\":\"Learn about the types of MHFA training, including versions for helping adults, youth aged 12-18, higher education, first responders and more.\",\"breadcrumb\":{\"@id\":\"https:\/\/staging.grafik.mentalhealthfirstaid.org\/individuals\/types-of-training\/#breadcrumb\"},\"inLanguage\":\"es-MX\",\"potentialAction\":[{\"@type\":\"ReadAction\",\"target\":[\"https:\/\/staging.grafik.mentalhealthfirstaid.org\/individuals\/types-of-training\/\"]}]},{\"@type\":\"ImageObject\",\"inLanguage\":\"es-MX\",\"@id\":\"https:\/\/staging.grafik.mentalhealthfirstaid.org\/individuals\/types-of-training\/#primaryimage\",\"url\":\"https:\/\/staging.grafik.mentalhealthfirstaid.org\/app\/uploads\/2025\/10\/Types-of-Trainings_Hero.webp\",\"contentUrl\":\"https:\/\/staging.grafik.mentalhealthfirstaid.org\/app\/uploads\/2025\/10\/Types-of-Trainings_Hero.webp\"},{\"@type\":\"BreadcrumbList\",\"@id\":\"https:\/\/staging.grafik.mentalhealthfirstaid.org\/individuals\/types-of-training\/#breadcrumb\",\"itemListElement\":[{\"@type\":\"ListItem\",\"position\":1,\"name\":\"Home\",\"item\":\"https:\/\/staging.grafik.mentalhealthfirstaid.org\/\"},{\"@type\":\"ListItem\",\"position\":2,\"name\":\"For Individuals\",\"item\":\"https:\/\/staging.grafik.mentalhealthfirstaid.org\/individuals\/\"},{\"@type\":\"ListItem\",\"position\":3,\"name\":\"Types of Training\"}]},{\"@type\":\"WebSite\",\"@id\":\"https:\/\/staging.grafik.mentalhealthfirstaid.org\/#website\",\"url\":\"https:\/\/staging.grafik.mentalhealthfirstaid.org\/\",\"name\":\"Mental Health First Aid\",\"description\":\"Mental Health First Aid\",\"publisher\":{\"@id\":\"https:\/\/staging.grafik.mentalhealthfirstaid.org\/#organization\"},\"potentialAction\":[{\"@type\":\"SearchAction\",\"target\":{\"@type\":\"EntryPoint\",\"urlTemplate\":\"https:\/\/staging.grafik.mentalhealthfirstaid.org\/?s={search_term_string}\"},\"query-input\":{\"@type\":\"PropertyValueSpecification\",\"valueRequired\":true,\"valueName\":\"search_term_string\"}}],\"inLanguage\":\"es-MX\"},{\"@type\":\"Organization\",\"@id\":\"https:\/\/staging.grafik.mentalhealthfirstaid.org\/#organization\",\"name\":\"Mental Health First Aid\",\"url\":\"https:\/\/staging.grafik.mentalhealthfirstaid.org\/\",\"logo\":{\"@type\":\"ImageObject\",\"inLanguage\":\"es-MX\",\"@id\":\"https:\/\/staging.grafik.mentalhealthfirstaid.org\/#\/schema\/logo\/image\/\",\"url\":\"https:\/\/staging.grafik.mentalhealthfirstaid.org\/app\/uploads\/2025\/06\/mental-health-first-aid-logo.svg\",\"contentUrl\":\"https:\/\/staging.grafik.mentalhealthfirstaid.org\/app\/uploads\/2025\/06\/mental-health-first-aid-logo.svg\",\"caption\":\"Mental Health First Aid\"},\"image\":{\"@id\":\"https:\/\/staging.grafik.mentalhealthfirstaid.org\/#\/schema\/logo\/image\/\"}}]}<\/script>\n<!-- \/ Yoast SEO Premium plugin. -->","yoast_head_json":{"title":"MHFA | Types of Mental Health First Aid Training","description":"Learn about the types of MHFA training, including versions for helping adults, youth aged 12-18, higher education, first responders and more.","robots":{"index":"index","follow":"follow","max-snippet":"max-snippet:-1","max-image-preview":"max-image-preview:large","max-video-preview":"max-video-preview:-1"},"canonical":"https:\/\/staging.grafik.mentalhealthfirstaid.org\/es\/individuals\/types-of-training\/","og_locale":"es_MX","og_type":"article","og_title":"Types of Training","og_description":"Learn about the types of MHFA training, including versions for helping adults, youth aged 12-18, higher education, first responders and more.","og_url":"https:\/\/staging.grafik.mentalhealthfirstaid.org\/es\/individuals\/types-of-training\/","og_site_name":"Mental Health First Aid","article_modified_time":"2025-10-28T18:53:13+00:00","og_image":[{"url":"https:\/\/staging.grafik.mentalhealthfirstaid.org\/app\/uploads\/2025\/10\/Types-of-Trainings_Hero.webp","type":"","width":"","height":""}],"twitter_card":"summary_large_image","twitter_misc":{"Est. reading time":"2 minutes"},"schema":{"@context":"https:\/\/schema.org","@graph":[{"@type":"WebPage","@id":"https:\/\/staging.grafik.mentalhealthfirstaid.org\/individuals\/types-of-training\/","url":"https:\/\/staging.grafik.mentalhealthfirstaid.org\/individuals\/types-of-training\/","name":"MHFA | Types of Mental Health First Aid Training","isPartOf":{"@id":"https:\/\/staging.grafik.mentalhealthfirstaid.org\/#website"},"primaryImageOfPage":{"@id":"https:\/\/staging.grafik.mentalhealthfirstaid.org\/individuals\/types-of-training\/#primaryimage"},"image":{"@id":"https:\/\/staging.grafik.mentalhealthfirstaid.org\/individuals\/types-of-training\/#primaryimage"},"thumbnailUrl":"https:\/\/staging.grafik.mentalhealthfirstaid.org\/app\/uploads\/2025\/10\/Types-of-Trainings_Hero.webp","datePublished":"2025-09-29T19:12:21+00:00","dateModified":"2025-10-28T18:53:13+00:00","description":"Learn about the types of MHFA training, including versions for helping adults, youth aged 12-18, higher education, first responders and more.","breadcrumb":{"@id":"https:\/\/staging.grafik.mentalhealthfirstaid.org\/individuals\/types-of-training\/#breadcrumb"},"inLanguage":"es-MX","potentialAction":[{"@type":"ReadAction","target":["https:\/\/staging.grafik.mentalhealthfirstaid.org\/individuals\/types-of-training\/"]}]},{"@type":"ImageObject","inLanguage":"es-MX","@id":"https:\/\/staging.grafik.mentalhealthfirstaid.org\/individuals\/types-of-training\/#primaryimage","url":"https:\/\/staging.grafik.mentalhealthfirstaid.org\/app\/uploads\/2025\/10\/Types-of-Trainings_Hero.webp","contentUrl":"https:\/\/staging.grafik.mentalhealthfirstaid.org\/app\/uploads\/2025\/10\/Types-of-Trainings_Hero.webp"},{"@type":"BreadcrumbList","@id":"https:\/\/staging.grafik.mentalhealthfirstaid.org\/individuals\/types-of-training\/#breadcrumb","itemListElement":[{"@type":"ListItem","position":1,"name":"Home","item":"https:\/\/staging.grafik.mentalhealthfirstaid.org\/"},{"@type":"ListItem","position":2,"name":"For Individuals","item":"https:\/\/staging.grafik.mentalhealthfirstaid.org\/individuals\/"},{"@type":"ListItem","position":3,"name":"Types of Training"}]},{"@type":"WebSite","@id":"https:\/\/staging.grafik.mentalhealthfirstaid.org\/#website","url":"https:\/\/staging.grafik.mentalhealthfirstaid.org\/","name":"Mental Health First Aid","description":"Mental Health First Aid","publisher":{"@id":"https:\/\/staging.grafik.mentalhealthfirstaid.org\/#organization"},"potentialAction":[{"@type":"SearchAction","target":{"@type":"EntryPoint","urlTemplate":"https:\/\/staging.grafik.mentalhealthfirstaid.org\/?s={search_term_string}"},"query-input":{"@type":"PropertyValueSpecification","valueRequired":true,"valueName":"search_term_string"}}],"inLanguage":"es-MX"},{"@type":"Organization","@id":"https:\/\/staging.grafik.mentalhealthfirstaid.org\/#organization","name":"Mental Health First Aid","url":"https:\/\/staging.grafik.mentalhealthfirstaid.org\/","logo":{"@type":"ImageObject","inLanguage":"es-MX","@id":"https:\/\/staging.grafik.mentalhealthfirstaid.org\/#\/schema\/logo\/image\/","url":"https:\/\/staging.grafik.mentalhealthfirstaid.org\/app\/uploads\/2025\/06\/mental-health-first-aid-logo.svg","contentUrl":"https:\/\/staging.grafik.mentalhealthfirstaid.org\/app\/uploads\/2025\/06\/mental-health-first-aid-logo.svg","caption":"Mental Health First Aid"},"image":{"@id":"https:\/\/staging.grafik.mentalhealthfirstaid.org\/#\/schema\/logo\/image\/"}}]}},"campaignId":"","_links":{"self":[{"href":"https:\/\/staging.grafik.mentalhealthfirstaid.org\/es\/wp-json\/wp\/v2\/pages\/22632","targetHints":{"allow":["GET"]}}],"collection":[{"href":"https:\/\/staging.grafik.mentalhealthfirstaid.org\/es\/wp-json\/wp\/v2\/pages"}],"about":[{"href":"https:\/\/staging.grafik.mentalhealthfirstaid.org\/es\/wp-json\/wp\/v2\/types\/page"}],"author":[{"embeddable":true,"href":"https:\/\/staging.grafik.mentalhealthfirstaid.org\/es\/wp-json\/wp\/v2\/users\/37"}],"replies":[{"embeddable":true,"href":"https:\/\/staging.grafik.mentalhealthfirstaid.org\/es\/wp-json\/wp\/v2\/comments?post=22632"}],"version-history":[{"count":4,"href":"https:\/\/staging.grafik.mentalhealthfirstaid.org\/es\/wp-json\/wp\/v2\/pages\/22632\/revisions"}],"predecessor-version":[{"id":25704,"href":"https:\/\/staging.grafik.mentalhealthfirstaid.org\/es\/wp-json\/wp\/v2\/pages\/22632\/revisions\/25704"}],"up":[{"embeddable":true,"href":"https:\/\/staging.grafik.mentalhealthfirstaid.org\/es\/wp-json\/wp\/v2\/pages\/5187"}],"wp:attachment":[{"href":"https:\/\/staging.grafik.mentalhealthfirstaid.org\/es\/wp-json\/wp\/v2\/media?parent=22632"}],"wp:term":[{"taxonomy":"post_tag","embeddable":true,"href":"https:\/\/staging.grafik.mentalhealthfirstaid.org\/es\/wp-json\/wp\/v2\/tags?post=22632"},{"taxonomy":"topic","embeddable":true,"href":"https:\/\/staging.grafik.mentalhealthfirstaid.org\/es\/wp-json\/wp\/v2\/topic?post=22632"}],"curies":[{"name":"wp","href":"https:\/\/api.w.org\/{rel}","templated":true}]}}