{"id":22630,"date":"2025-09-30T14:31:29","date_gmt":"2025-09-30T19:31:29","guid":{"rendered":"https:\/\/staging.grafik.mentalhealthfirstaid.org\/?page_id=22630"},"modified":"2025-10-29T12:21:56","modified_gmt":"2025-10-29T17:21:56","slug":"training-process","status":"publish","type":"page","link":"https:\/\/staging.grafik.mentalhealthfirstaid.org\/es\/individuals\/training-process\/","title":{"rendered":"Proceso de formaci\u00f3n"},"content":{"rendered":"<div class=\"gb-element-281bbc8a\">\n<div class=\"mhfa-container-wdith gb-element-9a4f1e48\">\n<div class=\"gb-element-ba41fdcf\">\n<h2 class=\"gb-text mhfa-h1-heading gb-text-279cd9c2 animated fadeInUp\">Proceso de formaci\u00f3n<\/h2>\n\n\n\n<h2 class=\"gb-text mhfa-paragraph-style gb-text-d98b1a91 animated fadeInUp delay-200ms\">When you take a Mental Health First Aid course, you&#8217;ll learn early intervention skills and apply them to real-life situations. Take a course in person or online \u2014 either way, you&#8217;ll be part of an evidence-based training program that works.&nbsp;<\/h2>\n\n\n\n<div class=\"gb-element-c07e1497 animated fadeIn delay-500ms\">\n<a class=\"mhfa-orange-btn gb-text-d94353d4\" href=\"\/es\/find-a-course\/\"><span class=\"gb-text\">Formarse<\/span><span class=\"gb-shape\"><svg aria-hidden=\"true\" role=\"img\" height=\"1em\" width=\"1em\" viewbox=\"0 0 256 512\" xmlns=\"http:\/\/www.w3.org\/2000\/svg\"><path fill=\"currentColor\" d=\"M224.3 273l-136 136c-9.4 9.4-24.6 9.4-33.9 0l-22.6-22.6c-9.4-9.4-9.4-24.6 0-33.9l96.4-96.4-96.4-96.4c-9.4-9.4-9.4-24.6 0-33.9L54.3 103c9.4-9.4 24.6-9.4 33.9 0l136 136c9.5 9.4 9.5 24.6.1 34z\"><\/path><\/svg><\/span><\/a>\n\n\n\n<a class=\"mhfa-outline-btn gb-text-d24bb94e\" data-prompt=\"Tell me more about the instructor certification process.\" href=\"\/es\/faq\/\"><span class=\"gb-text\">Have Questions?<\/span><span class=\"gb-shape\"><svg aria-hidden=\"true\" role=\"img\" height=\"1em\" width=\"1em\" viewbox=\"0 0 256 512\" xmlns=\"http:\/\/www.w3.org\/2000\/svg\"><path fill=\"currentColor\" d=\"M224.3 273l-136 136c-9.4 9.4-24.6 9.4-33.9 0l-22.6-22.6c-9.4-9.4-9.4-24.6 0-33.9l96.4-96.4-96.4-96.4c-9.4-9.4-9.4-24.6 0-33.9L54.3 103c9.4-9.4 24.6-9.4 33.9 0l136 136c9.5 9.4 9.5 24.6.1 34z\"><\/path><\/svg><\/span><\/a>\n<\/div>\n<\/div>\n\n\n\n<div class=\"gb-element-fe43194e\">\n<img loading=\"lazy\" decoding=\"async\" width=\"971\" height=\"738\" class=\"gb-media-cd5f2f9f\" alt=\"\" src=\"https:\/\/staging.grafik.mentalhealthfirstaid.org\/app\/uploads\/2025\/08\/certification-hero-fix.png\" title=\"mhfa-sobre-h\u00e9roe\" srcset=\"https:\/\/staging.grafik.mentalhealthfirstaid.org\/app\/uploads\/2025\/08\/certification-hero-fix.png 971w, https:\/\/staging.grafik.mentalhealthfirstaid.org\/app\/uploads\/2025\/08\/certification-hero-fix-300x228.png 300w, https:\/\/staging.grafik.mentalhealthfirstaid.org\/app\/uploads\/2025\/08\/certification-hero-fix-768x584.png 768w\" sizes=\"auto, (max-width: 971px) 100vw, 971px\" \/>\n<\/div>\n<\/div>\n<\/div>\n\n\n\n<div class=\"gb-element-c59c8446\">\n<div class=\"mhfa-container-wdith gb-element-1d22c613\">\n<div class=\"gb-element-d8fea726\">\n<div class=\"gb-tabs gb-tabs-73e57cab\" data-opened-tab=\"1\">\n<div class=\"gb-tabs__menu gb-tabs__menu-e264bdee\" role=\"tablist\">\n<div tabindex=\"0\" class=\"gb-tabs__menu-item gb-tabs__menu-item-69df2564 gb-block-is-current\" role=\"tab\" id=\"gb-tab-menu-item-69df2564\">\n<span class=\"gb-text-492e1018\"><span class=\"gb-text\">Mental Health First Aid Certification<\/span><span class=\"gb-shape\"><svg aria-hidden=\"true\" role=\"img\" height=\"1em\" width=\"1em\" viewbox=\"0 0 256 512\" xmlns=\"http:\/\/www.w3.org\/2000\/svg\"><path fill=\"currentColor\" d=\"M224.3 273l-136 136c-9.4 9.4-24.6 9.4-33.9 0l-22.6-22.6c-9.4-9.4-9.4-24.6 0-33.9l96.4-96.4-96.4-96.4c-9.4-9.4-9.4-24.6 0-33.9L54.3 103c9.4-9.4 24.6-9.4 33.9 0l136 136c9.5 9.4 9.5 24.6.1 34z\"><\/path><\/svg><\/span><\/span>\n<\/div>\n\n\n\n<div tabindex=\"0\" class=\"gb-tabs__menu-item gb-tabs__menu-item-b8432989\" role=\"tab\" id=\"gb-tab-menu-item-b8432989\">\n<span class=\"gb-text-39fabcfe\"><span class=\"gb-text\">Online or In-person Training<\/span><span class=\"gb-shape\"><svg aria-hidden=\"true\" role=\"img\" height=\"1em\" width=\"1em\" viewbox=\"0 0 256 512\" xmlns=\"http:\/\/www.w3.org\/2000\/svg\"><path fill=\"currentColor\" d=\"M224.3 273l-136 136c-9.4 9.4-24.6 9.4-33.9 0l-22.6-22.6c-9.4-9.4-9.4-24.6 0-33.9l96.4-96.4-96.4-96.4c-9.4-9.4-9.4-24.6 0-33.9L54.3 103c9.4-9.4 24.6-9.4 33.9 0l136 136c9.5 9.4 9.5 24.6.1 34z\"><\/path><\/svg><\/span><\/span>\n<\/div>\n\n\n\n<div tabindex=\"0\" class=\"gb-tabs__menu-item gb-tabs__menu-item-c7102d21\" role=\"tab\" id=\"gb-tab-menu-item-c7102d21\">\n<span class=\"gb-text-d3520e34\"><span class=\"gb-text\">For Individuals or Groups<\/span><span class=\"gb-shape\"><svg aria-hidden=\"true\" role=\"img\" height=\"1em\" width=\"1em\" viewbox=\"0 0 256 512\" xmlns=\"http:\/\/www.w3.org\/2000\/svg\"><path fill=\"currentColor\" d=\"M224.3 273l-136 136c-9.4 9.4-24.6 9.4-33.9 0l-22.6-22.6c-9.4-9.4-9.4-24.6 0-33.9l96.4-96.4-96.4-96.4c-9.4-9.4-9.4-24.6 0-33.9L54.3 103c9.4-9.4 24.6-9.4 33.9 0l136 136c9.5 9.4 9.5 24.6.1 34z\"><\/path><\/svg><\/span><\/span>\n<\/div>\n<\/div>\n\n\n\n<div class=\"gb-tabs__items gb-tabs__items-2fc85504\" role=\"tabpanel\">\n<div class=\"gb-tabs__item gb-tabs__item-open\" id=\"gb-tab-item-ca2bff52\">\n<div class=\"gb-element-96faf8cc\">\n<h3 class=\"gb-text mhfa-h3-heading gb-text-33969270\">Mental Health First Aid Certification<\/h3>\n\n\n\n<p class=\"gb-text mhfa-paragraph-style gb-text-0d871180\">Adults can get certified in Adult or Youth Mental Health First Aid, with community-specific courses available for a range of specialties:&nbsp;<\/p>\n\n\n\n<ul class=\"wp-block-list\">\n<li><a href=\"\/es\/individuals\/corrections-professionals\/\">Corrections Professionals<\/a>&nbsp;<\/li>\n\n\n\n<li><a href=\"\/es\/individuals\/fire-ems\/\">Bomberos\/EMS<\/a>&nbsp;<\/li>\n\n\n\n<li><a href=\"\/es\/individuals\/higher-education\/\">Ense\u00f1anza superior&nbsp;<\/a><\/li>\n\n\n\n<li><a href=\"\/es\/individuals\/military-veterans\/\">Militares, veteranos y sus familias&nbsp;<\/a><\/li>\n\n\n\n<li><a href=\"\/es\/individuals\/older-adults\/\">Mayores&nbsp;<\/a><\/li>\n\n\n\n<li><a href=\"\/es\/individuals\/public-safety\/\">Seguridad p\u00fablica&nbsp;<\/a><\/li>\n\n\n\n<li><a href=\"\/es\/individuals\/rural-communities\/\">Comunidades rurales&nbsp;<\/a><\/li>\n\n\n\n<li>Spanish-speaking Communities (<a href=\"\/es\/individuals\/adult-spanish\/\">Adult<\/a>, <a href=\"\/es\/individuals\/youth-spanish\/\">Juventud<\/a> and <a href=\"\/es\/organizations\/teen-spanish\/\">teen<\/a>)&nbsp;<\/li>\n\n\n\n<li><a href=\"\/es\/individuals\/tribal-and-indigenous-youth\/\">Comunidades tribales y pueblos ind\u00edgenas<\/a> (Youth only)&nbsp;<\/li>\n\n\n\n<li><a href=\"\/es\/organizations\/employers\/\">Mental<\/a><a href=\"https:\/\/staging.grafik.mentalhealthfirstaid.org\/es\/organizations\/employers\/\"> Health First Aid at Work&nbsp;<\/a>\n<ul class=\"wp-block-list\">\n<li><a href=\"\/es\/organizations\/manufacturing\/\">Fabricaci\u00f3n&nbsp;<\/a><\/li>\n\n\n\n<li><a href=\"\/es\/organizations\/restaurants\/\">Restaurantes&nbsp;<\/a><\/li>\n\n\n\n<li><a href=\"\/es\/organizations\/retail\/\">Venta al por menor&nbsp;<\/a><\/li>\n<\/ul>\n<\/li>\n\n\n\n<li><a href=\"\/es\/organizations\/schools-teens\/\">teen Mental Health First Aid<\/a> (for teens helping teens)&nbsp;<\/li>\n<\/ul>\n<\/div>\n<\/div>\n\n\n\n<div class=\"gb-tabs__item\" id=\"gb-tab-item-f562546d\">\n<div class=\"gb-element-d47609b3\">\n<h3 class=\"gb-text mhfa-h3-heading gb-text-d55751df\">Online or In-person Training<\/h3>\n\n\n\n<ul class=\"wp-block-list\">\n<li>In-person \u2014 Learners attend a day-long in-person session led by an Instructor.&nbsp;&nbsp;&nbsp;<\/li>\n\n\n\n<li>Blended \u2014 Learners complete a 2-hour, self-paced online course and then attend a half-day training led by an Instructor. This training can be held online or in person.&nbsp;<\/li>\n<\/ul>\n<\/div>\n<\/div>\n\n\n\n<div class=\"gb-tabs__item\" id=\"gb-tab-item-271845a7\">\n<div class=\"gb-element-f6508dae\">\n<h3 class=\"gb-text mhfa-h3-heading gb-text-b1800a9b\">For Individuals or Groups<\/h3>\n\n\n\n<p class=\"gb-text mhfa-paragraph-style gb-text-837815e9\">When groups take MHFA together, the results go further. Shared training builds an organizational culture of support, safety and awareness. It teaches people to look out for one another \u2014 and makes it easier to talk about mental health at work, in schools and in communities.&nbsp;<\/p>\n<\/div>\n<\/div>\n<\/div>\n<\/div>\n<\/div>\n<\/div>\n<\/div>\n\n\n\n<div class=\"gb-element-73561cea\">\n<div class=\"mhfa-container-wdith gb-element-78d93174\">\n<h2 class=\"gb-text mhfa-h2-heading gb-text-1305570f\">How To Find Your First Aider Course<\/h2>\n\n\n\n<div class=\"gb-element-3c67efcd\">\n<div class=\"gb-element-29b625de\">\n<h3 class=\"gb-text mhfa-h3-heading gb-text-d97f7c5b\">1<\/h3>\n<\/div>\n\n\n\n<h4 class=\"gb-text mhfa-h4-heading gb-text-0340c1c8\">Enter your preferred location on the form and select \u201cFind Courses,\u201d or select \u201cFind Course by Instructor Name\u201d and enter the name of the Instructor you&#8217;d like.<\/h4>\n<\/div>\n\n\n\n<div class=\"gb-element-991a98a0\">\n<div class=\"mhfa-container-wdith gb-element-6bfa766e\">\n<div class=\"gb-element-c5ec242d\">\n<h3 class=\"gb-text mhfa-h3-heading\">Buscar una formaci\u00f3n<\/h3>\n\n\n\n<p class=\"gb-text mhfa-paragraph-style\">Para encontrar una formaci\u00f3n o un instructor cerca de usted, introduzca su ubicaci\u00f3n a continuaci\u00f3n.<\/p>\n<\/div>\n\n\n\n<div class=\"gb-element-4edf1fb2\">\n<div class=\"find-course-form\" data-instance=\"mhfa_1\">\n    <form id=\"frm_mhfa_1\" class=\"mhfa-search-form form-elements filter-form clearfix\" action=\"\/es\/individuals\/take-mhfa\/find-a-course-or-instructor\/\" method=\"POST\" data-trp-original-action=\"\/individuals\/take-mhfa\/find-a-course-or-instructor\/\">\n        \n        <!-- Hidden fields for geocoding -->\n        <input type=\"hidden\" id=\"formatted_address_mhfa_1\" name=\"formatted_address\"\/>\n        <input type=\"hidden\" id=\"city_mhfa_1\" name=\"city\"\/>\n        <input type=\"hidden\" id=\"Lat_mhfa_1\" name=\"Lat\"\/>\n        <input type=\"hidden\" id=\"Lng_mhfa_1\" name=\"Lng\"\/>\n        \n        <div class=\"custom-row\">\n            <!-- Location Input Column -->\n            <div class=\"custom-col-7 custom-inner-8\">\n                <label for=\"location_mhfa_1\">\n                    Buscar por ubicaci\u00f3n<span>*<\/span>\n                <\/label>\n                <input id=\"location_mhfa_1\" \n                       class=\"mhfa-location-input\"\n                       placeholder=\"Introduzca su ciudad y estado (por ejemplo, Arlington, Texas)\" \n                       autocomplete=\"off\" \n                       type=\"text\"\n                       data-instance=\"mhfa_1\">\n            <\/div>\n            \n            <!-- Distance and Submit Column -->\n            <div class=\"custom-col-5 custom-inner-4\">\n                <div class=\"custom-row\">\n                    <div class=\"custom-col-6\">\n                        <label for=\"distance_mhfa_1\">Distancia<\/label>\n                        <select id=\"distance_mhfa_1\" name=\"distance\">\n                            <option value=\"25\"  selected='selected'>25 Millas<\/option>\n                            <option value=\"50\" >50 Millas<\/option>\n                            <option value=\"100\" >160 km<\/option>\n                            <option value=\"300\" >300 millas<\/option>\n                        <\/select>\n                    <\/div>\n                    <div class=\"custom-col-6 custom-inner-hide\">\n                        <button class=\"btn-course\" type=\"submit\">Buscar cursos<\/button>\n                    <\/div>\n                <\/div>\n            <\/div>\n            \n            <!-- Mobile Submit Button -->\n            <div class=\"custom-col-12 custom-front-hide\">\n                <button class=\"btn-course\" type=\"submit\">Buscar cursos<\/button>\n            <\/div>\n        <\/div>\n    <input type=\"hidden\" name=\"trp-form-language\" value=\"es\"\/><\/form>\n<\/div>\n<\/div>\n<\/div>\n<\/div>\n\n\n\n<div class=\"gb-element-c9d66519\">\n<div class=\"gb-element-11330edb\">\n<h3 class=\"gb-text mhfa-h3-heading gb-text-a118f66f\">2<\/h3>\n<\/div>\n\n\n\n<h4 class=\"gb-text mhfa-h4-heading gb-text-3ec76855\">Narrow your search using the filters on the left side of the screen.<\/h4>\n<\/div>\n\n\n\n<div class=\"gb-element-651cd546\">\n<div class=\"gb-element-02c2225e\">\n<h3 class=\"gb-text mhfa-h3-heading gb-text-e597b1b8\">3<\/h3>\n<\/div>\n\n\n\n<h4 class=\"gb-text mhfa-h4-heading gb-text-12d0a662\">Identify the course you&#8217;d like and click the \u201cRegister\u201d button.&nbsp;<\/h4>\n<\/div>\n\n\n\n<div class=\"gb-element-8d95fefe\">\n<div class=\"gb-element-544b67d4\">\n<h3 class=\"gb-text mhfa-h3-heading gb-text-ab02358c\">4<\/h3>\n<\/div>\n\n\n\n<h4 class=\"gb-text mhfa-h4-heading gb-text-283ca240\">To secure your seat in the course, reach out to the Instructor by following the steps in the \u201cRegistration Information\u201d field.&nbsp;<\/h4>\n<\/div>\n<\/div>\n<\/div>\n\n\n\n<div class=\"gb-element-ede18d5c\">\n<div class=\"mhfa-container-wdith gb-element-d70e3226\">\n<h2 class=\"gb-text mhfa-h2-heading gb-text-24bbf0f7\">What Does It Cost to Get Trained?&nbsp;<\/h2>\n\n\n\n<p class=\"gb-text mhfa-paragraph-style gb-text-2dbe1b74\">The cost of Mental Health First Aider training, while always affordable, can vary. MHFA Instructors each manage their own courses, including related fees.<\/p>\n<\/div>\n<\/div>\n\n\n\n<div class=\"gb-element-2ba62ba9\">\n<div class=\"mhfa-container-wdith gb-element-8a971ca0\">\n<div class=\"gb-element-7b6d3395\">\n<h3 class=\"gb-text mhfa-h3-heading gb-text-82b951c8\">Find a Course Near You<\/h3>\n\n\n\n<p class=\"gb-text mhfa-paragraph-style gb-text-c3ed0755\">The first step to becoming a First Aider is to find and sign up for a course. Use our search tool to select the training that meets your needs.<\/p>\n<\/div>\n\n\n\n<a class=\"mhfa-orange-btn-rev gb-text-10651abd btn-no-wrap\" href=\"\/es\/find-a-course\/\"><span class=\"gb-text\">Comenzar<\/span><span class=\"gb-shape\"><svg aria-hidden=\"true\" role=\"img\" height=\"1em\" width=\"1em\" viewbox=\"0 0 256 512\" xmlns=\"http:\/\/www.w3.org\/2000\/svg\"><path fill=\"currentColor\" d=\"M224.3 273l-136 136c-9.4 9.4-24.6 9.4-33.9 0l-22.6-22.6c-9.4-9.4-9.4-24.6 0-33.9l96.4-96.4-96.4-96.4c-9.4-9.4-9.4-24.6 0-33.9L54.3 103c9.4-9.4 24.6-9.4 33.9 0l136 136c9.5 9.4 9.5 24.6.1 34z\"><\/path><\/svg><\/span><\/a>\n<\/div>\n<\/div>","protected":false},"excerpt":{"rendered":"<p>Training Process When you take a Mental Health First Aid course, you&#8217;ll learn early intervention skills and apply them to real-life situations. Take a course in person or online \u2014 &#8230; <a title=\"Proceso de formaci\u00f3n\" class=\"read-more\" href=\"https:\/\/staging.grafik.mentalhealthfirstaid.org\/es\/individuals\/training-process\/\" aria-label=\"Read more about Training Process\">Read more<\/a><\/p>","protected":false},"author":37,"featured_media":0,"parent":5187,"menu_order":0,"comment_status":"closed","ping_status":"closed","template":"","meta":{"_acf_changed":false,"give_campaign_id":0,"footnotes":""},"tags":[],"topic":[],"class_list":["post-22630","page","type-page","status-publish"],"acf":[],"yoast_head":"<!-- This site is optimized with the Yoast SEO Premium plugin v26.0 (Yoast SEO v27.0) - https:\/\/yoast.com\/product\/yoast-seo-premium-wordpress\/ -->\n<title>Training Process<\/title>\n<meta name=\"description\" content=\"Take a Mental Health First Aid course to learn early intervention skills and apply them to real-life situations.\" \/>\n<meta name=\"robots\" content=\"index, follow, max-snippet:-1, max-image-preview:large, max-video-preview:-1\" \/>\n<link rel=\"canonical\" href=\"https:\/\/staging.grafik.mentalhealthfirstaid.org\/es\/individuals\/training-process\/\" \/>\n<meta property=\"og:locale\" content=\"es_MX\" \/>\n<meta property=\"og:type\" content=\"article\" \/>\n<meta property=\"og:title\" content=\"Training Process\" \/>\n<meta property=\"og:description\" content=\"Take a Mental Health First Aid course to learn early intervention skills and apply them to real-life situations.\" \/>\n<meta property=\"og:url\" content=\"https:\/\/staging.grafik.mentalhealthfirstaid.org\/es\/individuals\/training-process\/\" \/>\n<meta property=\"og:site_name\" content=\"Mental Health First Aid\" \/>\n<meta property=\"article:modified_time\" content=\"2025-10-29T17:21:56+00:00\" \/>\n<meta property=\"og:image\" content=\"https:\/\/staging.grafik.mentalhealthfirstaid.org\/app\/uploads\/2025\/08\/certification-hero-fix.png\" \/>\n<meta name=\"twitter:card\" content=\"summary_large_image\" \/>\n<meta name=\"twitter:label1\" content=\"Est. reading time\" \/>\n\t<meta name=\"twitter:data1\" content=\"2 minutes\" \/>\n<script type=\"application\/ld+json\" class=\"yoast-schema-graph\">{\"@context\":\"https:\/\/schema.org\",\"@graph\":[{\"@type\":\"WebPage\",\"@id\":\"https:\/\/staging.grafik.mentalhealthfirstaid.org\/individuals\/training-process\/\",\"url\":\"https:\/\/staging.grafik.mentalhealthfirstaid.org\/individuals\/training-process\/\",\"name\":\"Training Process\",\"isPartOf\":{\"@id\":\"https:\/\/staging.grafik.mentalhealthfirstaid.org\/#website\"},\"primaryImageOfPage\":{\"@id\":\"https:\/\/staging.grafik.mentalhealthfirstaid.org\/individuals\/training-process\/#primaryimage\"},\"image\":{\"@id\":\"https:\/\/staging.grafik.mentalhealthfirstaid.org\/individuals\/training-process\/#primaryimage\"},\"thumbnailUrl\":\"https:\/\/staging.grafik.mentalhealthfirstaid.org\/app\/uploads\/2025\/08\/certification-hero-fix.png\",\"datePublished\":\"2025-09-30T19:31:29+00:00\",\"dateModified\":\"2025-10-29T17:21:56+00:00\",\"description\":\"Take a Mental Health First Aid course to learn early intervention skills and apply them to real-life situations.\",\"breadcrumb\":{\"@id\":\"https:\/\/staging.grafik.mentalhealthfirstaid.org\/individuals\/training-process\/#breadcrumb\"},\"inLanguage\":\"es-MX\",\"potentialAction\":[{\"@type\":\"ReadAction\",\"target\":[\"https:\/\/staging.grafik.mentalhealthfirstaid.org\/individuals\/training-process\/\"]}]},{\"@type\":\"ImageObject\",\"inLanguage\":\"es-MX\",\"@id\":\"https:\/\/staging.grafik.mentalhealthfirstaid.org\/individuals\/training-process\/#primaryimage\",\"url\":\"https:\/\/staging.grafik.mentalhealthfirstaid.org\/app\/uploads\/2025\/08\/certification-hero-fix.png\",\"contentUrl\":\"https:\/\/staging.grafik.mentalhealthfirstaid.org\/app\/uploads\/2025\/08\/certification-hero-fix.png\"},{\"@type\":\"BreadcrumbList\",\"@id\":\"https:\/\/staging.grafik.mentalhealthfirstaid.org\/individuals\/training-process\/#breadcrumb\",\"itemListElement\":[{\"@type\":\"ListItem\",\"position\":1,\"name\":\"Home\",\"item\":\"https:\/\/staging.grafik.mentalhealthfirstaid.org\/\"},{\"@type\":\"ListItem\",\"position\":2,\"name\":\"For Individuals\",\"item\":\"https:\/\/staging.grafik.mentalhealthfirstaid.org\/individuals\/\"},{\"@type\":\"ListItem\",\"position\":3,\"name\":\"Training Process\"}]},{\"@type\":\"WebSite\",\"@id\":\"https:\/\/staging.grafik.mentalhealthfirstaid.org\/#website\",\"url\":\"https:\/\/staging.grafik.mentalhealthfirstaid.org\/\",\"name\":\"Mental Health First Aid\",\"description\":\"Mental Health First Aid\",\"publisher\":{\"@id\":\"https:\/\/staging.grafik.mentalhealthfirstaid.org\/#organization\"},\"potentialAction\":[{\"@type\":\"SearchAction\",\"target\":{\"@type\":\"EntryPoint\",\"urlTemplate\":\"https:\/\/staging.grafik.mentalhealthfirstaid.org\/?s={search_term_string}\"},\"query-input\":{\"@type\":\"PropertyValueSpecification\",\"valueRequired\":true,\"valueName\":\"search_term_string\"}}],\"inLanguage\":\"es-MX\"},{\"@type\":\"Organization\",\"@id\":\"https:\/\/staging.grafik.mentalhealthfirstaid.org\/#organization\",\"name\":\"Mental Health First Aid\",\"url\":\"https:\/\/staging.grafik.mentalhealthfirstaid.org\/\",\"logo\":{\"@type\":\"ImageObject\",\"inLanguage\":\"es-MX\",\"@id\":\"https:\/\/staging.grafik.mentalhealthfirstaid.org\/#\/schema\/logo\/image\/\",\"url\":\"https:\/\/staging.grafik.mentalhealthfirstaid.org\/app\/uploads\/2025\/06\/mental-health-first-aid-logo.svg\",\"contentUrl\":\"https:\/\/staging.grafik.mentalhealthfirstaid.org\/app\/uploads\/2025\/06\/mental-health-first-aid-logo.svg\",\"caption\":\"Mental Health First Aid\"},\"image\":{\"@id\":\"https:\/\/staging.grafik.mentalhealthfirstaid.org\/#\/schema\/logo\/image\/\"}}]}<\/script>\n<!-- \/ Yoast SEO Premium plugin. -->","yoast_head_json":{"title":"Proceso de formaci\u00f3n","description":"Take a Mental Health First Aid course to learn early intervention skills and apply them to real-life situations.","robots":{"index":"index","follow":"follow","max-snippet":"max-snippet:-1","max-image-preview":"max-image-preview:large","max-video-preview":"max-video-preview:-1"},"canonical":"https:\/\/staging.grafik.mentalhealthfirstaid.org\/es\/individuals\/training-process\/","og_locale":"es_MX","og_type":"article","og_title":"Training Process","og_description":"Take a Mental Health First Aid course to learn early intervention skills and apply them to real-life situations.","og_url":"https:\/\/staging.grafik.mentalhealthfirstaid.org\/es\/individuals\/training-process\/","og_site_name":"Mental Health First Aid","article_modified_time":"2025-10-29T17:21:56+00:00","og_image":[{"url":"https:\/\/staging.grafik.mentalhealthfirstaid.org\/app\/uploads\/2025\/08\/certification-hero-fix.png","type":"","width":"","height":""}],"twitter_card":"summary_large_image","twitter_misc":{"Est. reading time":"2 minutes"},"schema":{"@context":"https:\/\/schema.org","@graph":[{"@type":"WebPage","@id":"https:\/\/staging.grafik.mentalhealthfirstaid.org\/individuals\/training-process\/","url":"https:\/\/staging.grafik.mentalhealthfirstaid.org\/individuals\/training-process\/","name":"Proceso de formaci\u00f3n","isPartOf":{"@id":"https:\/\/staging.grafik.mentalhealthfirstaid.org\/#website"},"primaryImageOfPage":{"@id":"https:\/\/staging.grafik.mentalhealthfirstaid.org\/individuals\/training-process\/#primaryimage"},"image":{"@id":"https:\/\/staging.grafik.mentalhealthfirstaid.org\/individuals\/training-process\/#primaryimage"},"thumbnailUrl":"https:\/\/staging.grafik.mentalhealthfirstaid.org\/app\/uploads\/2025\/08\/certification-hero-fix.png","datePublished":"2025-09-30T19:31:29+00:00","dateModified":"2025-10-29T17:21:56+00:00","description":"Take a Mental Health First Aid course to learn early intervention skills and apply them to real-life situations.","breadcrumb":{"@id":"https:\/\/staging.grafik.mentalhealthfirstaid.org\/individuals\/training-process\/#breadcrumb"},"inLanguage":"es-MX","potentialAction":[{"@type":"ReadAction","target":["https:\/\/staging.grafik.mentalhealthfirstaid.org\/individuals\/training-process\/"]}]},{"@type":"ImageObject","inLanguage":"es-MX","@id":"https:\/\/staging.grafik.mentalhealthfirstaid.org\/individuals\/training-process\/#primaryimage","url":"https:\/\/staging.grafik.mentalhealthfirstaid.org\/app\/uploads\/2025\/08\/certification-hero-fix.png","contentUrl":"https:\/\/staging.grafik.mentalhealthfirstaid.org\/app\/uploads\/2025\/08\/certification-hero-fix.png"},{"@type":"BreadcrumbList","@id":"https:\/\/staging.grafik.mentalhealthfirstaid.org\/individuals\/training-process\/#breadcrumb","itemListElement":[{"@type":"ListItem","position":1,"name":"Home","item":"https:\/\/staging.grafik.mentalhealthfirstaid.org\/"},{"@type":"ListItem","position":2,"name":"For Individuals","item":"https:\/\/staging.grafik.mentalhealthfirstaid.org\/individuals\/"},{"@type":"ListItem","position":3,"name":"Training Process"}]},{"@type":"WebSite","@id":"https:\/\/staging.grafik.mentalhealthfirstaid.org\/#website","url":"https:\/\/staging.grafik.mentalhealthfirstaid.org\/","name":"Mental Health First Aid","description":"Mental Health First Aid","publisher":{"@id":"https:\/\/staging.grafik.mentalhealthfirstaid.org\/#organization"},"potentialAction":[{"@type":"SearchAction","target":{"@type":"EntryPoint","urlTemplate":"https:\/\/staging.grafik.mentalhealthfirstaid.org\/?s={search_term_string}"},"query-input":{"@type":"PropertyValueSpecification","valueRequired":true,"valueName":"search_term_string"}}],"inLanguage":"es-MX"},{"@type":"Organization","@id":"https:\/\/staging.grafik.mentalhealthfirstaid.org\/#organization","name":"Mental Health First Aid","url":"https:\/\/staging.grafik.mentalhealthfirstaid.org\/","logo":{"@type":"ImageObject","inLanguage":"es-MX","@id":"https:\/\/staging.grafik.mentalhealthfirstaid.org\/#\/schema\/logo\/image\/","url":"https:\/\/staging.grafik.mentalhealthfirstaid.org\/app\/uploads\/2025\/06\/mental-health-first-aid-logo.svg","contentUrl":"https:\/\/staging.grafik.mentalhealthfirstaid.org\/app\/uploads\/2025\/06\/mental-health-first-aid-logo.svg","caption":"Mental Health First Aid"},"image":{"@id":"https:\/\/staging.grafik.mentalhealthfirstaid.org\/#\/schema\/logo\/image\/"}}]}},"campaignId":"","_links":{"self":[{"href":"https:\/\/staging.grafik.mentalhealthfirstaid.org\/es\/wp-json\/wp\/v2\/pages\/22630","targetHints":{"allow":["GET"]}}],"collection":[{"href":"https:\/\/staging.grafik.mentalhealthfirstaid.org\/es\/wp-json\/wp\/v2\/pages"}],"about":[{"href":"https:\/\/staging.grafik.mentalhealthfirstaid.org\/es\/wp-json\/wp\/v2\/types\/page"}],"author":[{"embeddable":true,"href":"https:\/\/staging.grafik.mentalhealthfirstaid.org\/es\/wp-json\/wp\/v2\/users\/37"}],"replies":[{"embeddable":true,"href":"https:\/\/staging.grafik.mentalhealthfirstaid.org\/es\/wp-json\/wp\/v2\/comments?post=22630"}],"version-history":[{"count":4,"href":"https:\/\/staging.grafik.mentalhealthfirstaid.org\/es\/wp-json\/wp\/v2\/pages\/22630\/revisions"}],"predecessor-version":[{"id":25949,"href":"https:\/\/staging.grafik.mentalhealthfirstaid.org\/es\/wp-json\/wp\/v2\/pages\/22630\/revisions\/25949"}],"up":[{"embeddable":true,"href":"https:\/\/staging.grafik.mentalhealthfirstaid.org\/es\/wp-json\/wp\/v2\/pages\/5187"}],"wp:attachment":[{"href":"https:\/\/staging.grafik.mentalhealthfirstaid.org\/es\/wp-json\/wp\/v2\/media?parent=22630"}],"wp:term":[{"taxonomy":"post_tag","embeddable":true,"href":"https:\/\/staging.grafik.mentalhealthfirstaid.org\/es\/wp-json\/wp\/v2\/tags?post=22630"},{"taxonomy":"topic","embeddable":true,"href":"https:\/\/staging.grafik.mentalhealthfirstaid.org\/es\/wp-json\/wp\/v2\/topic?post=22630"}],"curies":[{"name":"wp","href":"https:\/\/api.w.org\/{rel}","templated":true}]}}